{"id":63,"date":"2023-07-30T07:51:20","date_gmt":"2023-07-30T07:51:20","guid":{"rendered":"https:\/\/www.kopenskupp.de\/?page_id=63"},"modified":"2023-09-05T08:52:55","modified_gmt":"2023-09-05T08:52:55","slug":"ueber-mich","status":"publish","type":"page","link":"https:\/\/www.kopenskupp.de\/en\/ueber-mich\/","title":{"rendered":"\u00dcber mich"},"content":{"rendered":"<p>[et_pb_section fb_built=&#8221;1&#8243; admin_label=&#8221;Section&#8221; _builder_version=&#8221;4.22.1&#8243; _module_preset=&#8221;default&#8221; background_color=&#8221;gcid-8ce1d533-348c-4993-a144-aa41fd73272f&#8221; da_disable_devices=&#8221;off|off|off&#8221; global_colors_info=&#8221;{%22gcid-8ce1d533-348c-4993-a144-aa41fd73272f%22:%91%22background_color%22%93}&#8221; da_is_popup=&#8221;off&#8221; da_exit_intent=&#8221;off&#8221; da_has_close=&#8221;on&#8221; da_alt_close=&#8221;off&#8221; da_dark_close=&#8221;off&#8221; da_not_modal=&#8221;on&#8221; da_is_singular=&#8221;off&#8221; da_with_loader=&#8221;off&#8221; da_has_shadow=&#8221;on&#8221;][et_pb_row column_structure=&#8221;3_5,2_5&#8243; _builder_version=&#8221;4.22.1&#8243; _module_preset=&#8221;default&#8221; hover_enabled=&#8221;0&#8243; global_colors_info=&#8221;{}&#8221; custom_css_main_element=&#8221;align-items: center;&#8221; sticky_enabled=&#8221;0&#8243; use_custom_gutter=&#8221;on&#8221; make_equal=&#8221;on&#8221;][et_pb_column type=&#8221;3_5&#8243; _builder_version=&#8221;4.22.1&#8243; _module_preset=&#8221;default&#8221; global_colors_info=&#8221;{}&#8221;][et_pb_text _builder_version=&#8221;4.22.1&#8243; _module_preset=&#8221;default&#8221; header_text_color=&#8221;#FFFFFF&#8221; header_line_height=&#8221;1.2em&#8221; global_colors_info=&#8221;{}&#8221;]<\/p>\n<h1>\u00dcber mich<\/h1>\n<p>[\/et_pb_text][et_pb_text _builder_version=&#8221;4.22.1&#8243; _module_preset=&#8221;default&#8221; text_text_color=&#8221;#FFFFFF&#8221; global_colors_info=&#8221;{}&#8221;]Hallo! Mein Name ist Alexander Hauser, und ich bin leidenschaftlicher IT-Consultant mit \u00fcber 7 Jahren Erfahrung in der Branche. Meine Reise begann mit einem Abschluss in Wirtschaftsinformatik, und seitdem habe ich es mir zur Aufgabe gemacht, Unternehmen dabei zu helfen, ihre IT-Projekte zum Erfolg zu f\u00fchren.[\/et_pb_text][et_pb_text _builder_version=&#8221;4.22.1&#8243; _module_preset=&#8221;default&#8221; header_2_text_color=&#8221;#FFFFFF&#8221; header_2_font_size=&#8221;22px&#8221; global_colors_info=&#8221;{}&#8221;]<\/p>\n<h2>Gemeinsam zum Erfolg.<\/h2>\n<p>[\/et_pb_text][dsm_button button_one_text=&#8221;Mehr erfahren&#8221; button_one_url=&#8221;#dienstleistungen&#8221; button_two_text=&#8221;Jetzt anfragen&#8221; button_two_url=&#8221;@ET-DC@eyJkeW5hbWljIjp0cnVlLCJjb250ZW50IjoicG9zdF9saW5rX3VybF9wYWdlIiwic2V0dGluZ3MiOnsicG9zdF9pZCI6IjcxIn19@&#8221; _builder_version=&#8221;4.22.1&#8243; _module_preset=&#8221;8dda3c38-3d7d-48a6-96ef-6dc03191eb90&#8243; custom_button_one=&#8221;on&#8221; button_one_text_color=&#8221;#FFFFFF&#8221; custom_button_two=&#8221;on&#8221; button_two_text_color=&#8221;#FFFFFF&#8221; hover_enabled=&#8221;0&#8243; global_colors_info=&#8221;{}&#8221; sticky_enabled=&#8221;0&#8243; _dynamic_attributes=&#8221;button_two_url&#8221;][\/dsm_button][\/et_pb_column][et_pb_column type=&#8221;2_5&#8243; _builder_version=&#8221;4.22.1&#8243; _module_preset=&#8221;default&#8221; hover_enabled=&#8221;0&#8243; global_colors_info=&#8221;{}&#8221; sticky_enabled=&#8221;0&#8243;][et_pb_image src=&#8221;https:\/\/www.kopenskupp.de\/wp-content\/uploads\/2023\/08\/eefc8838-3320-41bd-bf31-5df362b10596_out-192&#215;192.jpg&#8221; _builder_version=&#8221;4.22.1&#8243; _module_preset=&#8221;default&#8221; hover_enabled=&#8221;0&#8243; global_colors_info=&#8221;{}&#8221; title_text=&#8221;eefc8838-3320-41bd-bf31-5df362b10596_out-192&#215;192&#8243; sticky_enabled=&#8221;0&#8243; align=&#8221;center&#8221;][\/et_pb_image][\/et_pb_column][\/et_pb_row][\/et_pb_section][et_pb_section fb_built=&#8221;1&#8243; admin_label=&#8221;#dienstleistungen&#8221; module_id=&#8221;dienstleistungen&#8221; _builder_version=&#8221;4.22.1&#8243; _module_preset=&#8221;default&#8221; hover_enabled=&#8221;0&#8243; da_popup_slug=&#8221;dienstleistungen&#8221; da_disable_devices=&#8221;off|off|off&#8221; global_colors_info=&#8221;{}&#8221; sticky_enabled=&#8221;0&#8243; da_is_popup=&#8221;off&#8221; da_exit_intent=&#8221;off&#8221; da_has_close=&#8221;on&#8221; da_alt_close=&#8221;off&#8221; da_dark_close=&#8221;off&#8221; da_not_modal=&#8221;on&#8221; da_is_singular=&#8221;off&#8221; da_with_loader=&#8221;off&#8221; da_has_shadow=&#8221;on&#8221;][et_pb_row _builder_version=&#8221;4.21.0&#8243; _module_preset=&#8221;default&#8221; locked=&#8221;off&#8221; global_colors_info=&#8221;{}&#8221;][et_pb_column type=&#8221;4_4&#8243; _builder_version=&#8221;4.21.0&#8243; _module_preset=&#8221;default&#8221; global_colors_info=&#8221;{}&#8221;][et_pb_text _builder_version=&#8221;4.22.1&#8243; _module_preset=&#8221;default&#8221; header_2_text_align=&#8221;center&#8221; global_colors_info=&#8221;{}&#8221;]<\/p>\n<h2>Alexander Hauser, IT-Consultant<\/h2>\n<p>[\/et_pb_text][\/et_pb_column][\/et_pb_row][\/et_pb_section][et_pb_section fb_built=&#8221;1&#8243; admin_label=&#8221;#business-analyse&#8221; module_id=&#8221;business-analyse&#8221; _builder_version=&#8221;4.22.1&#8243; _module_preset=&#8221;default&#8221; background_color=&#8221;gcid-6828d5e2-89e8-48b7-be1f-e4169e94230b&#8221; da_popup_slug=&#8221;business-analyse&#8221; da_disable_devices=&#8221;off|off|off&#8221; global_colors_info=&#8221;{%22gcid-6828d5e2-89e8-48b7-be1f-e4169e94230b%22:%91%22background_color%22%93}&#8221; da_is_popup=&#8221;off&#8221; da_exit_intent=&#8221;off&#8221; da_has_close=&#8221;on&#8221; da_alt_close=&#8221;off&#8221; da_dark_close=&#8221;off&#8221; da_not_modal=&#8221;on&#8221; da_is_singular=&#8221;off&#8221; da_with_loader=&#8221;off&#8221; da_has_shadow=&#8221;on&#8221;][et_pb_row column_structure=&#8221;1_2,1_2&#8243; _builder_version=&#8221;4.22.1&#8243; _module_preset=&#8221;default&#8221; global_colors_info=&#8221;{}&#8221;][et_pb_column type=&#8221;1_2&#8243; _builder_version=&#8221;4.22.1&#8243; _module_preset=&#8221;default&#8221; global_colors_info=&#8221;{}&#8221;][et_pb_text _builder_version=&#8221;4.22.1&#8243; _module_preset=&#8221;default&#8221; custom_margin=&#8221;||5px||false|false&#8221; global_colors_info=&#8221;{}&#8221;]<\/p>\n<h4>Meine Geschichte<\/h4>\n<p>[\/et_pb_text][et_pb_text _builder_version=&#8221;4.22.1&#8243; _module_preset=&#8221;default&#8221; global_colors_info=&#8221;{}&#8221;]Nach meinem Studium habe ich in verschiedenen IT-Rollen gearbeitet, von der Softwareentwicklung \u00fcber das Projektmanagement bis hin zur Business-Analyse. Diese vielf\u00e4ltigen Erfahrungen haben mir einen ganzheitlichen Blick auf IT-Projekte gegeben und mir geholfen, die Br\u00fccke zwischen Technik und Gesch\u00e4ft zu schlagen.<\/p>\n<p>In den letzten Jahren habe ich mich darauf spezialisiert, Unternehmen bei ihrer digitalen Transformation zu unterst\u00fctzen. Ob es darum geht, Gesch\u00e4ftsprozesse zu optimieren, agile Methoden einzuf\u00fchren oder ma\u00dfgeschneiderte Softwarel\u00f6sungen zu entwickeln &#8211; ich bin stolz darauf, meinen Kunden dabei zu helfen, ihre Ziele zu erreichen.[\/et_pb_text][\/et_pb_column][et_pb_column type=&#8221;1_2&#8243; _builder_version=&#8221;4.22.1&#8243; _module_preset=&#8221;default&#8221; global_colors_info=&#8221;{}&#8221;][et_pb_image src=&#8221;https:\/\/www.kopenskupp.de\/wp-content\/uploads\/2023\/08\/2004161.jpg&#8221; _builder_version=&#8221;4.22.1&#8243; _module_preset=&#8221;default&#8221; hover_enabled=&#8221;0&#8243; global_colors_info=&#8221;{}&#8221; alt=&#8221;Codes on Tilt Shift Lens&#8221; title_text=&#8221;Photo by Markus Spiske&#8221; sticky_enabled=&#8221;0&#8243;][\/et_pb_image][\/et_pb_column][\/et_pb_row][\/et_pb_section][et_pb_section fb_built=&#8221;1&#8243; admin_label=&#8221;#test-management&#8221; module_id=&#8221;test-management&#8221; _builder_version=&#8221;4.22.1&#8243; _module_preset=&#8221;default&#8221; da_popup_slug=&#8221;test-management&#8221; da_disable_devices=&#8221;off|off|off&#8221; global_colors_info=&#8221;{}&#8221; da_is_popup=&#8221;off&#8221; da_exit_intent=&#8221;off&#8221; da_has_close=&#8221;on&#8221; da_alt_close=&#8221;off&#8221; da_dark_close=&#8221;off&#8221; da_not_modal=&#8221;on&#8221; da_is_singular=&#8221;off&#8221; da_with_loader=&#8221;off&#8221; da_has_shadow=&#8221;on&#8221;][et_pb_row column_structure=&#8221;1_2,1_2&#8243; _builder_version=&#8221;4.22.1&#8243; _module_preset=&#8221;default&#8221; locked=&#8221;off&#8221; global_colors_info=&#8221;{}&#8221;][et_pb_column type=&#8221;1_2&#8243; _builder_version=&#8221;4.22.1&#8243; _module_preset=&#8221;default&#8221; global_colors_info=&#8221;{}&#8221;][et_pb_text _builder_version=&#8221;4.22.1&#8243; _module_preset=&#8221;default&#8221; custom_margin=&#8221;||5px||false|false&#8221; global_colors_info=&#8221;{}&#8221;]<\/p>\n<h4>Meine Werte<\/h4>\n<p>[\/et_pb_text][et_pb_text _builder_version=&#8221;4.22.1&#8243; _module_preset=&#8221;default&#8221; global_colors_info=&#8221;{}&#8221;]<\/p>\n<ul>\n<li>\n<p><strong>Kundenorientierung<\/strong>: Ihr Erfolg ist mein Erfolg. Ich arbeite eng mit Ihnen zusammen, um sicherzustellen, dass Ihre IT-Projekte Ihre Gesch\u00e4ftsziele unterst\u00fctzen.<\/p>\n<\/li>\n<li>\n<p><strong>Qualit\u00e4t<\/strong>: Ich setze auf Best Practices und st\u00e4ndige Weiterbildung, um sicherzustellen, dass ich immer die beste Qualit\u00e4t liefere.<\/p>\n<\/li>\n<li>\n<p><strong>Integrit\u00e4t<\/strong>: Ehrlichkeit und Transparenz sind f\u00fcr mich von gr\u00f6\u00dfter Bedeutung. Ich halte, was ich verspreche und arbeite stets im besten Interesse meiner Kunden.<\/p>\n<\/li>\n<li>\n<p><strong>Innovation<\/strong>: In der sich st\u00e4ndig ver\u00e4ndernden Welt der Technologie bin ich immer auf der Suche nach neuen und besseren Wegen, um Ergebnisse zu erzielen.<\/p>\n<\/li>\n<\/ul>\n<p>[\/et_pb_text][\/et_pb_column][et_pb_column type=&#8221;1_2&#8243; _builder_version=&#8221;4.22.1&#8243; _module_preset=&#8221;default&#8221; global_colors_info=&#8221;{}&#8221;][et_pb_image src=&#8221;https:\/\/www.kopenskupp.de\/wp-content\/uploads\/2023\/08\/546819.jpg&#8221; _builder_version=&#8221;4.22.1&#8243; _module_preset=&#8221;default&#8221; hover_enabled=&#8221;0&#8243; global_colors_info=&#8221;{}&#8221; alt=&#8221;Close Up Photo of Programming of Codes&#8221; title_text=&#8221;Photo by luis gomes&#8221; sticky_enabled=&#8221;0&#8243;][\/et_pb_image][\/et_pb_column][\/et_pb_row][\/et_pb_section][et_pb_section fb_built=&#8221;1&#8243; admin_label=&#8221;#workshops&#8221; module_id=&#8221;workshops&#8221; _builder_version=&#8221;4.22.1&#8243; _module_preset=&#8221;default&#8221; background_color=&#8221;gcid-6828d5e2-89e8-48b7-be1f-e4169e94230b&#8221; da_popup_slug=&#8221;workshops&#8221; da_disable_devices=&#8221;off|off|off&#8221; global_colors_info=&#8221;{%22gcid-6828d5e2-89e8-48b7-be1f-e4169e94230b%22:%91%22background_color%22%93}&#8221; da_is_popup=&#8221;off&#8221; da_exit_intent=&#8221;off&#8221; da_has_close=&#8221;on&#8221; da_alt_close=&#8221;off&#8221; da_dark_close=&#8221;off&#8221; da_not_modal=&#8221;on&#8221; da_is_singular=&#8221;off&#8221; da_with_loader=&#8221;off&#8221; da_has_shadow=&#8221;on&#8221;][et_pb_row column_structure=&#8221;1_2,1_2&#8243; _builder_version=&#8221;4.22.1&#8243; _module_preset=&#8221;default&#8221; locked=&#8221;off&#8221; global_colors_info=&#8221;{}&#8221;][et_pb_column type=&#8221;1_2&#8243; _builder_version=&#8221;4.22.1&#8243; _module_preset=&#8221;default&#8221; global_colors_info=&#8221;{}&#8221;][et_pb_text _builder_version=&#8221;4.22.1&#8243; _module_preset=&#8221;default&#8221; custom_margin=&#8221;||5px||false|false&#8221; global_colors_info=&#8221;{}&#8221;]<\/p>\n<h4>Meine Qualifikationen<\/h4>\n<p>[\/et_pb_text][et_pb_text _builder_version=&#8221;4.22.1&#8243; _module_preset=&#8221;default&#8221; global_colors_info=&#8221;{}&#8221;]Ich glaube fest daran, dass st\u00e4ndige Weiterbildung der Schl\u00fcssel zum Erfolg in der IT-Branche ist. Hier sind einige meiner wichtigsten Qualifikationen und Zertifizierungen:<\/p>\n<p>Master in Wirtschaftsinformatik<br \/>\nZertifizierter Scrum Master<br \/>\nISTQB Certified Tester<br \/>\nCertified Blockchain Business Foundation[\/et_pb_text][\/et_pb_column][et_pb_column type=&#8221;1_2&#8243; _builder_version=&#8221;4.22.1&#8243; _module_preset=&#8221;default&#8221; global_colors_info=&#8221;{}&#8221;][et_pb_image src=&#8221;https:\/\/www.kopenskupp.de\/wp-content\/uploads\/2023\/08\/skf7hxarcoc.jpg&#8221; _builder_version=&#8221;4.22.1&#8243; _module_preset=&#8221;default&#8221; hover_enabled=&#8221;0&#8243; global_colors_info=&#8221;{}&#8221; alt=&#8221;Colorful software or web code on a computer monitor&#8221; title_text=&#8221;Photo by Markus Spiske&#8221; sticky_enabled=&#8221;0&#8243;][\/et_pb_image][\/et_pb_column][\/et_pb_row][\/et_pb_section][et_pb_section fb_built=&#8221;1&#8243; admin_label=&#8221;#cta-projekt-starten&#8221; module_id=&#8221;cta-projekt-starten&#8221; _builder_version=&#8221;4.22.1&#8243; _module_preset=&#8221;default&#8221; da_popup_slug=&#8221;cta-projekt-starten&#8221; da_disable_devices=&#8221;off|off|off&#8221; global_colors_info=&#8221;{}&#8221; da_is_popup=&#8221;off&#8221; da_exit_intent=&#8221;off&#8221; da_has_close=&#8221;on&#8221; da_alt_close=&#8221;off&#8221; da_dark_close=&#8221;off&#8221; da_not_modal=&#8221;on&#8221; da_is_singular=&#8221;off&#8221; da_with_loader=&#8221;off&#8221; da_has_shadow=&#8221;on&#8221;][et_pb_row _builder_version=&#8221;4.22.1&#8243; _module_preset=&#8221;default&#8221; global_colors_info=&#8221;{}&#8221;][et_pb_column type=&#8221;4_4&#8243; _builder_version=&#8221;4.22.1&#8243; _module_preset=&#8221;default&#8221; global_colors_info=&#8221;{}&#8221;][et_pb_cta title=&#8221;Lassen Sie uns gemeinsam Gro\u00dfes schaffen!&#8221; button_url=&#8221;@ET-DC@eyJkeW5hbWljIjp0cnVlLCJjb250ZW50IjoicG9zdF9saW5rX3VybF9wYWdlIiwic2V0dGluZ3MiOnsicG9zdF9pZCI6IjcxIn19@&#8221; button_text=&#8221;Projekt starten&#8221; _builder_version=&#8221;4.22.1&#8243; _dynamic_attributes=&#8221;button_url&#8221; _module_preset=&#8221;default&#8221; global_colors_info=&#8221;{}&#8221;]Wenn Sie mehr \u00fcber mich erfahren m\u00f6chten oder dar\u00fcber, wie ich Ihrem Unternehmen helfen kann, z\u00f6gern Sie nicht, Kontakt aufzunehmen. Ich freue mich darauf, von Ihnen zu h\u00f6ren und gemeinsam erfolgreich zu sein.[\/et_pb_cta][\/et_pb_column][\/et_pb_row][\/et_pb_section][et_pb_section fb_built=&#8221;1&#8243; admin_label=&#8221;#online-terminbuchung-seite&#8221; module_id=&#8221;online-terminbuchung-seite&#8221; _builder_version=&#8221;4.22.1&#8243; _module_preset=&#8221;default&#8221; hover_enabled=&#8221;0&#8243; da_popup_slug=&#8221;online-terminbuchung-seite&#8221; da_disable_devices=&#8221;off|off|off&#8221; global_colors_info=&#8221;{}&#8221; disabled_on=&#8221;on|on|on&#8221; disabled=&#8221;on&#8221; sticky_enabled=&#8221;0&#8243; da_is_popup=&#8221;off&#8221; da_exit_intent=&#8221;off&#8221; da_has_close=&#8221;on&#8221; da_alt_close=&#8221;off&#8221; da_dark_close=&#8221;off&#8221; da_not_modal=&#8221;on&#8221; da_is_singular=&#8221;off&#8221; da_with_loader=&#8221;off&#8221; da_has_shadow=&#8221;on&#8221;][et_pb_row _builder_version=&#8221;4.21.0&#8243; _module_preset=&#8221;default&#8221; locked=&#8221;off&#8221; global_colors_info=&#8221;{}&#8221;][et_pb_column type=&#8221;4_4&#8243; _builder_version=&#8221;4.21.0&#8243; _module_preset=&#8221;default&#8221; global_colors_info=&#8221;{}&#8221;][et_pb_text _builder_version=&#8221;4.22.1&#8243; _module_preset=&#8221;default&#8221; header_2_text_align=&#8221;center&#8221; global_colors_info=&#8221;{}&#8221;]<\/p>\n<h2>Online-Terminbuchung<\/h2>\n<p>[\/et_pb_text][\/et_pb_column][\/et_pb_row][et_pb_row _builder_version=&#8221;4.22.1&#8243; _module_preset=&#8221;default&#8221; global_colors_info=&#8221;{}&#8221;][et_pb_column type=&#8221;4_4&#8243; _builder_version=&#8221;4.22.1&#8243; _module_preset=&#8221;default&#8221; global_colors_info=&#8221;{}&#8221;][ssa_divi_booking_module _builder_version=&#8221;4.22.1&#8243; _module_preset=&#8221;default&#8221; global_colors_info=&#8221;{}&#8221;][\/ssa_divi_booking_module][\/et_pb_column][\/et_pb_row][\/et_pb_section]<\/p>\n","protected":false},"excerpt":{"rendered":"<p>\u00dcber michHallo! Mein Name ist Alexander Hauser, und ich bin leidenschaftlicher IT-Consultant mit \u00fcber 7 Jahren Erfahrung in der Branche. Meine Reise begann mit einem Abschluss in Wirtschaftsinformatik, und seitdem habe ich es mir zur Aufgabe gemacht, Unternehmen dabei zu helfen, ihre IT-Projekte zum Erfolg zu f\u00fchren.Gemeinsam zum Erfolg.<div class=\"et_pb_module dsm_button dsm_button_0 et_pb_bg_layout_light\">\n\t\t\t\t\n\t\t\t\t\n\t\t\t\t\n\t\t\t\t\n\t\t\t\t\n\t\t\t\t\n\t\t\t\t<div class=\"et_pb_module_inner\">\n\t\t\t\t\t<div class=\"et_pb_button_module_wrappers dsm_button_0_wrapper  et_pb_module\">\n\t\t\t\t<a class=\"et_pb_button et_pb_button_one et_pb_bg_layout_light dsm-none\"  href=\"http:\/\/&#8221;#dienstleistungen&#8221;\" data-dsm-lightbox-id=\"dsm_button_one_lightbox dsm_button_0\">&#8221;Mehr<\/a><a class=\"et_pb_button et_pb_button_two et_pb_bg_layout_light dsm-none\"  href=\"http:\/\/&#8221;&#8221;\" data-dsm-lightbox-id=\"dsm_button_two_lightbox dsm_button_0\">&#8221;Jetzt<\/a>\n\t\t\t<\/div>\n\t\t\t\t<\/div>\n\t\t\t<\/div><\/p>","protected":false},"author":3,"featured_media":0,"parent":0,"menu_order":400,"comment_status":"closed","ping_status":"closed","template":"","meta":{"_et_pb_use_builder":"on","_et_pb_old_content":"<!-- wp:divi\/placeholder \/-->","_et_gb_content_width":"","om_disable_all_campaigns":false,"_monsterinsights_skip_tracking":false,"_monsterinsights_sitenote_active":false,"_monsterinsights_sitenote_note":"","_monsterinsights_sitenote_category":0,"footnotes":""},"folder":[7],"class_list":["post-63","page","type-page","status-publish","hentry"],"aioseo_notices":[],"_links":{"self":[{"href":"https:\/\/www.kopenskupp.de\/en\/wp-json\/wp\/v2\/pages\/63","targetHints":{"allow":["GET"]}}],"collection":[{"href":"https:\/\/www.kopenskupp.de\/en\/wp-json\/wp\/v2\/pages"}],"about":[{"href":"https:\/\/www.kopenskupp.de\/en\/wp-json\/wp\/v2\/types\/page"}],"author":[{"embeddable":true,"href":"https:\/\/www.kopenskupp.de\/en\/wp-json\/wp\/v2\/users\/3"}],"replies":[{"embeddable":true,"href":"https:\/\/www.kopenskupp.de\/en\/wp-json\/wp\/v2\/comments?post=63"}],"version-history":[{"count":6,"href":"https:\/\/www.kopenskupp.de\/en\/wp-json\/wp\/v2\/pages\/63\/revisions"}],"predecessor-version":[{"id":333,"href":"https:\/\/www.kopenskupp.de\/en\/wp-json\/wp\/v2\/pages\/63\/revisions\/333"}],"wp:attachment":[{"href":"https:\/\/www.kopenskupp.de\/en\/wp-json\/wp\/v2\/media?parent=63"}],"wp:term":[{"taxonomy":"folder","embeddable":true,"href":"https:\/\/www.kopenskupp.de\/en\/wp-json\/wp\/v2\/folder?post=63"}],"curies":[{"name":"wp","href":"https:\/\/api.w.org\/{rel}","templated":true}]}}